{"id":31,"date":"2019-03-27T17:33:22","date_gmt":"2019-03-27T17:33:22","guid":{"rendered":"https:\/\/familia.garcialamoneda.es\/?page_id=31"},"modified":"2019-03-28T10:02:44","modified_gmt":"2019-03-28T10:02:44","slug":"generacion-1","status":"publish","type":"page","link":"https:\/\/familia.garcialamoneda.es\/index.php\/generacion-1\/","title":{"rendered":"Generaci\u00f3n 1"},"content":{"rendered":"\n<p>&nbsp;&nbsp;&nbsp;&nbsp; 1.<a href=\"http:\/\/it.wikipedia.org\/wiki\/Cicco_Simonetta\"><strong>Cicco Simonetta<\/strong><\/a>&nbsp;naci\u00f3 en 1410 en Caccuri (Italia), en las cuestas del Sila al lado\ndel lago Ampollino<\/p>\n\n\n\n<p>&nbsp;&nbsp;&nbsp;&nbsp;&nbsp;&nbsp;&nbsp;&nbsp;&nbsp;\n\u00c9l muri\u00f3 el 30 Octubre 1480 en Milan (Italia) y se le sepult\u00f3 el mismo dia en\nIglesia de St. Domenico del Castillo de Pavia.MILAN (Italia).<\/p>\n\n\n\n<p>As\u00ed; asesinado el Duque Galeazzo Mar\u00eda Sforza en Mil\u00e1n\nen 1476, este dejaba un hijo de siete a\u00f1os,<\/p>\n\n\n\n<p>Gian Galeazzo, bajo la tutela de su madre Bona de\nSaboya, que confi\u00f3 el consejo de regencia al sagaz y<\/p>\n\n\n\n<p>emprendedor ministro Cicco&nbsp; Simonetta, asistido\npor dos hermanos de su marido: Sforza Mar\u00eda, Duque de<\/p>\n\n\n\n<p>Bari, y Ludovico Mauro, Conde de Mortara (Ludovico\nMoro).<\/p>\n\n\n\n<p>&nbsp;&nbsp;&nbsp;&nbsp;&nbsp;&nbsp;&nbsp;&nbsp;&nbsp;&nbsp;&nbsp;\nCicco de Simonetta, comprometido en las revueltas de Mil\u00e1n, fue decapitado por\norden de Ludovico<\/p>\n\n\n\n<p>Moro, quien asumi\u00f3 la tutela de su sobrino Gian\nGaleazzo, fallecido poco despu\u00e9s en 1494.<\/p>\n\n\n\n<p>&nbsp;&nbsp;&nbsp;&nbsp;&nbsp;&nbsp;&nbsp;&nbsp;&nbsp;&nbsp;&nbsp;\nLa caida en desgracia de la familia Simonetta, hizo que los dos hijos de Cicco\nSimonetta&nbsp; viajaran a<\/p>\n\n\n\n<p>Castilla y Francia temerosos aun de las posibles\nrepresalias de Ludovico Moro<\/p>\n\n\n\n<p>Cicco se cas\u00f3 con <strong>Giacobina<\/strong>.<\/p>\n\n\n\n<p>Ellos tuvieron los hijos siguientes:<\/p>\n\n\n\n<p>+&nbsp;&nbsp;&nbsp;&nbsp;&nbsp;&nbsp;&nbsp;&nbsp;&nbsp;&nbsp;\n2 M&nbsp;&nbsp;&nbsp;&nbsp;&nbsp;&nbsp;&nbsp; i.&nbsp;&nbsp;<strong> Francisco de\nLamoneda<\/strong>.<\/p>\n\n\n\n<p>&nbsp;&nbsp;&nbsp;&nbsp;&nbsp;&nbsp;&nbsp;&nbsp;&nbsp;&nbsp;&nbsp;&nbsp; 3 M&nbsp;&nbsp;&nbsp;&nbsp; &nbsp;&nbsp; ii.&nbsp;&nbsp; &#8230;&#8230; (<strong>El Capitan Le-Monet<\/strong>). radic\u00f3 en Pamplona, habiendo pasado primeramente por Francia en donde transcribi\u00f3 al franc\u00e9s su apellido originario.<\/p>\n\n\n\n<div class=\"wp-block-button alignright\"><a class=\"wp-block-button__link has-text-color has-very-dark-gray-color has-background has-very-light-gray-background-color\" href=\"https:\/\/familia.garcialamoneda.es\/index.php\/generacion-2\/\">Proximo &gt;<br><\/a><\/div>\n\n\n\n<div class=\"wp-block-button\"><a class=\"wp-block-button__link has-text-color has-very-dark-gray-color has-background has-very-light-gray-background-color\" href=\"https:\/\/familia.garcialamoneda.es\/\">&lt; Prev<\/a><\/div>\n","protected":false},"excerpt":{"rendered":"<p>&nbsp;&nbsp;&nbsp;&nbsp; 1.Cicco Simonetta&nbsp;naci\u00f3 en 1410 en Caccuri (Italia), en las cuestas del Sila al lado del lago Ampollino &nbsp;&nbsp;&nbsp;&nbsp;&nbsp;&nbsp;&nbsp;&nbsp;&nbsp; \u00c9l muri\u00f3 el 30 Octubre 1480 en Milan (Italia) y se le sepult\u00f3 el mismo dia en Iglesia de St. Domenico del Castillo de Pavia.MILAN (Italia). As\u00ed; asesinado el Duque Galeazzo Mar\u00eda Sforza en Mil\u00e1n en &hellip; <\/p>\n<p class=\"link-more\"><a href=\"https:\/\/familia.garcialamoneda.es\/index.php\/generacion-1\/\" class=\"more-link\">Continuar leyendo<span class=\"screen-reader-text\"> \u00abGeneraci\u00f3n 1\u00bb<\/span><\/a><\/p>\n","protected":false},"author":1,"featured_media":0,"parent":0,"menu_order":0,"comment_status":"closed","ping_status":"closed","template":"","meta":{"footnotes":""},"class_list":["post-31","page","type-page","status-publish","hentry"],"_links":{"self":[{"href":"https:\/\/familia.garcialamoneda.es\/index.php\/wp-json\/wp\/v2\/pages\/31","targetHints":{"allow":["GET"]}}],"collection":[{"href":"https:\/\/familia.garcialamoneda.es\/index.php\/wp-json\/wp\/v2\/pages"}],"about":[{"href":"https:\/\/familia.garcialamoneda.es\/index.php\/wp-json\/wp\/v2\/types\/page"}],"author":[{"embeddable":true,"href":"https:\/\/familia.garcialamoneda.es\/index.php\/wp-json\/wp\/v2\/users\/1"}],"replies":[{"embeddable":true,"href":"https:\/\/familia.garcialamoneda.es\/index.php\/wp-json\/wp\/v2\/comments?post=31"}],"version-history":[{"count":10,"href":"https:\/\/familia.garcialamoneda.es\/index.php\/wp-json\/wp\/v2\/pages\/31\/revisions"}],"predecessor-version":[{"id":119,"href":"https:\/\/familia.garcialamoneda.es\/index.php\/wp-json\/wp\/v2\/pages\/31\/revisions\/119"}],"wp:attachment":[{"href":"https:\/\/familia.garcialamoneda.es\/index.php\/wp-json\/wp\/v2\/media?parent=31"}],"curies":[{"name":"wp","href":"https:\/\/api.w.org\/{rel}","templated":true}]}}